{"id":287,"date":"2025-03-03T15:36:58","date_gmt":"2025-03-03T14:36:58","guid":{"rendered":"https:\/\/hainzhodinky.cz\/realizace-limitovanych-edic\/"},"modified":"2025-11-15T20:40:24","modified_gmt":"2025-11-15T19:40:24","slug":"implementation-of-limited-editions","status":"publish","type":"page","link":"https:\/\/hainzhodinky.cz\/en\/implementation-of-limited-editions\/","title":{"rendered":"Implementation of&nbsp;limited editions"},"content":{"rendered":"<p>Among the first realizations of&nbsp;limited edition custom wristwatches is the &#8220;Legends&#8221; collection for <a href=\"\/en\/realizace-limitovanych-edic\/helena-vondrackova\/#obsah\">Helena Vondr\u00e1\u010dkov\u00e1<\/a> and <a href=\"\/en\/realizace-limitovanych-edic\/petr-janda\/#obsah\">Petr Janda<\/a>.<\/p>\n<p>Our customers can be sure that each of our limited edition watches is and will be unique, not only due to the design, but&nbsp;also due to the limited number of pieces, which confirms the&nbsp;high value and&nbsp;collector&#8217;s potential. Our watches are not only a beautiful fashion accessory, but also a&nbsp;unique jewel that will be with you for&nbsp;a&nbsp;lifetime.<\/p>\n<p>Given the success of these limited editions, we decided to&nbsp;continue working with other prominent personalities and&nbsp;create watches for their fans. Our watches are tailored to&nbsp;the&nbsp;specific characteristics and&nbsp;personal style of each of&nbsp;our&nbsp;partners and are manufactured with the utmost care.<\/p>\n","protected":false},"excerpt":{"rendered":"<p>Among the first realizations of&nbsp;limited edition custom wristwatches is the &#8220;Legends&#8221; collection for Helena Vondr\u00e1\u010dkov\u00e1 and Petr Janda. Our customers&#8230;<\/p>\n","protected":false},"author":1,"featured_media":0,"parent":0,"menu_order":20,"comment_status":"closed","ping_status":"closed","template":"","meta":{"_acf_changed":false,"footnotes":""},"class_list":["post-287","page","type-page","status-publish","hentry"],"acf":[],"aioseo_notices":[],"_links":{"self":[{"href":"https:\/\/hainzhodinky.cz\/en\/wp-json\/wp\/v2\/pages\/287","targetHints":{"allow":["GET"]}}],"collection":[{"href":"https:\/\/hainzhodinky.cz\/en\/wp-json\/wp\/v2\/pages"}],"about":[{"href":"https:\/\/hainzhodinky.cz\/en\/wp-json\/wp\/v2\/types\/page"}],"author":[{"embeddable":true,"href":"https:\/\/hainzhodinky.cz\/en\/wp-json\/wp\/v2\/users\/1"}],"replies":[{"embeddable":true,"href":"https:\/\/hainzhodinky.cz\/en\/wp-json\/wp\/v2\/comments?post=287"}],"version-history":[{"count":10,"href":"https:\/\/hainzhodinky.cz\/en\/wp-json\/wp\/v2\/pages\/287\/revisions"}],"predecessor-version":[{"id":342,"href":"https:\/\/hainzhodinky.cz\/en\/wp-json\/wp\/v2\/pages\/287\/revisions\/342"}],"wp:attachment":[{"href":"https:\/\/hainzhodinky.cz\/en\/wp-json\/wp\/v2\/media?parent=287"}],"curies":[{"name":"wp","href":"https:\/\/api.w.org\/{rel}","templated":true}]}}