{"id":283,"date":"2025-03-03T15:36:51","date_gmt":"2025-03-03T14:36:51","guid":{"rendered":"https:\/\/hainzhodinky.cz\/helena-vondrackova-legenda\/"},"modified":"2026-02-02T22:06:50","modified_gmt":"2026-02-02T21:06:50","slug":"helena-vondrackova-legenda","status":"publish","type":"page","link":"https:\/\/hainzhodinky.cz\/en\/implementation-of-limited-editions\/helena-vondrackova-legenda\/","title":{"rendered":"Limited edition Helena Vondr\u00e1\u010dkov\u00e1"},"content":{"rendered":"\n<div class=\"wp-block-columns is-layout-flex wp-container-core-columns-is-layout-9d6595d7 wp-block-columns-is-layout-flex\">\n<div class=\"wp-block-column is-layout-flow wp-block-column-is-layout-flow\">\n<h2 class=\"wp-block-heading\">Helena Vondr\u00e1\u010dkov\u00e1 \u2013 Legenda 60<\/h2>\n\n\n\n<p>The edition created for Petr Janda is naturally followed by another chapter of the same story \u2013 Legend.<\/p>\n\n\n\n<p>The limited edition Helena Vondr\u00e1\u010dkov\u00e1 \u2013 Legenda 60 was created to celebrate 60 years of Helena Vondr\u00e1\u010dkov\u00e1&#8217;s presence on the music scene.<\/p>\n\n\n\n<p>The idea arose during a personal meeting, when we offered Helena to create a watch as a tribute to a legend of Czech music \u2013 this time a female one. From the beginning, it was a personal collaboration based on mutual trust and a long-term relationship.<\/p>\n\n\n\n<p>Helena actively participated in the design of the watch. While the characteristic case appealed to her immediately, she wanted to conceive the watch itself in a more subtle way \u2013 with an emphasis on elegance, femininity and detail. The result is a model that exactly matches her style and personality.<\/p>\n\n\n\n<p>The designation Legenda carries the same meaning here \u2013 an expression of respect for a personality who has been one of the most prominent faces of Czech music for decades. The number 60 refers to an exceptional anniversary. The edition was created as a closed collector&#8217;s limited edition of 50 pieces, with a signature and clear marking on the back cover.<\/p>\n\n\n\n<p>This limited edition was originally completely sold out. Several pieces were left in the brand&#8217;s internal archive for a long time for presentation and documentation purposes. Now, after the entire edition has been closed, the <strong>last 3 pieces<\/strong> are exceptionally released for sale.<\/p>\n\n\n\n<p><strong>An edition created from personal cooperation, trust and long-term respect.<\/strong><\/p>\n\n\n\n<p><h3>The last pieces of the watch can be ordered:<\/h3><\/p>\n\n\n\n<p><a href=\"tel:+420723821034\">  <i class=\"fa fa-phone\" style=\"font-size:24px\"><\/i>&nbsp;  +420 723 821 034<\/a><br>\n                         <a href=\"tel:+420602654613\"><i class=\"fa fa-phone\" style=\"font-size:24px\"><\/i>&nbsp;  +420 602 654 613<\/a> <br>\n                       <a href=\"mailto:info@hainzhodinky.cz\"> <i class=\"fa fa-envelope\" aria-hidden=\"true\"><\/i>&nbsp; info@hainzhodinky.cz<\/a><\/p>\n<\/div>\n\n\n\n<div class=\"wp-block-column is-layout-flow wp-block-column-is-layout-flow\">\n<figure class=\"wp-block-video\"><video height=\"1024\" style=\"aspect-ratio: 576 \/ 1024;\" width=\"576\" controls poster=\"https:\/\/hainzhodinky.cz\/wp-content\/uploads\/2025\/11\/helena_vondrackova_legenda-hainz-hodinky-7.jpg\" src=\"https:\/\/hainzhodinky.cz\/wp-content\/uploads\/2026\/01\/Vondrackova.mp4\"><\/video><\/figure>\n<\/div>\n<\/div>\n\n\n\n<hr class=\"wp-block-separator has-alpha-channel-opacity\"\/>\n\n\n\n<figure class=\"wp-block-gallery has-nested-images columns-4 is-cropped wp-block-gallery-1 is-layout-flex wp-block-gallery-is-layout-flex\">\n<figure class=\"wp-block-image size-thumbnail\"><a href=\"https:\/\/hainzhodinky.cz\/wp-content\/uploads\/2025\/11\/helena_vondrackova_legenda-hainz-hodinky-5.jpg\"><img loading=\"lazy\" decoding=\"async\" width=\"400\" height=\"400\" data-id=\"241\" src=\"https:\/\/hainzhodinky.cz\/wp-content\/uploads\/2025\/11\/helena_vondrackova_legenda-hainz-hodinky-5-400x400.jpg\" alt=\"Helena Vondrackova - Hainz hodinky na zak\u00e1zku\" class=\"wp-image-241\"\/><\/a><figcaption class=\"wp-element-caption\">Helena Vondrackova &#8211; Hainz hodinky na zak\u00e1zku<\/figcaption><\/figure>\n\n\n\n<figure class=\"wp-block-image size-thumbnail\"><a href=\"https:\/\/hainzhodinky.cz\/wp-content\/uploads\/2025\/11\/helena_vondrackova_legenda-hainz-hodinky-1.jpg\"><img loading=\"lazy\" decoding=\"async\" width=\"400\" height=\"400\" data-id=\"243\" src=\"https:\/\/hainzhodinky.cz\/wp-content\/uploads\/2025\/11\/helena_vondrackova_legenda-hainz-hodinky-1-400x400.jpg\" alt=\"Helena Vondrackova - Hainz hodinky na zak\u00e1zku\" class=\"wp-image-243\" srcset=\"https:\/\/hainzhodinky.cz\/wp-content\/uploads\/2025\/11\/helena_vondrackova_legenda-hainz-hodinky-1-400x400.jpg 400w, https:\/\/hainzhodinky.cz\/wp-content\/uploads\/2025\/11\/helena_vondrackova_legenda-hainz-hodinky-1-300x300.jpg 300w, https:\/\/hainzhodinky.cz\/wp-content\/uploads\/2025\/11\/helena_vondrackova_legenda-hainz-hodinky-1-768x768.jpg 768w, https:\/\/hainzhodinky.cz\/wp-content\/uploads\/2025\/11\/helena_vondrackova_legenda-hainz-hodinky-1.jpg 1000w\" sizes=\"auto, (max-width: 400px) 100vw, 400px\" \/><\/a><figcaption class=\"wp-element-caption\">Helena Vondrackova &#8211; Hainz hodinky na zak\u00e1zku<\/figcaption><\/figure>\n\n\n\n<figure class=\"wp-block-image size-thumbnail\"><a href=\"https:\/\/hainzhodinky.cz\/wp-content\/uploads\/2025\/11\/helena_vondrackova_legenda-hainz-hodinky-4.jpg\"><img loading=\"lazy\" decoding=\"async\" width=\"400\" height=\"400\" data-id=\"239\" src=\"https:\/\/hainzhodinky.cz\/wp-content\/uploads\/2025\/11\/helena_vondrackova_legenda-hainz-hodinky-4-400x400.jpg\" alt=\"Helena Vondrackova - Hainz hodinky na zak\u00e1zku\" class=\"wp-image-239\" srcset=\"https:\/\/hainzhodinky.cz\/wp-content\/uploads\/2025\/11\/helena_vondrackova_legenda-hainz-hodinky-4-400x400.jpg 400w, https:\/\/hainzhodinky.cz\/wp-content\/uploads\/2025\/11\/helena_vondrackova_legenda-hainz-hodinky-4-300x300.jpg 300w, https:\/\/hainzhodinky.cz\/wp-content\/uploads\/2025\/11\/helena_vondrackova_legenda-hainz-hodinky-4-768x768.jpg 768w, https:\/\/hainzhodinky.cz\/wp-content\/uploads\/2025\/11\/helena_vondrackova_legenda-hainz-hodinky-4.jpg 1000w\" sizes=\"auto, (max-width: 400px) 100vw, 400px\" \/><\/a><figcaption class=\"wp-element-caption\">Helena Vondrackova &#8211; Hainz hodinky na zak\u00e1zku<\/figcaption><\/figure>\n\n\n\n<figure class=\"wp-block-image size-thumbnail\"><a href=\"https:\/\/hainzhodinky.cz\/wp-content\/uploads\/2025\/11\/helena_vondrackova_legenda-hainz-hodinky-8.jpg\"><img loading=\"lazy\" decoding=\"async\" width=\"400\" height=\"400\" data-id=\"229\" src=\"https:\/\/hainzhodinky.cz\/wp-content\/uploads\/2025\/11\/helena_vondrackova_legenda-hainz-hodinky-8-400x400.jpg\" alt=\"Helena Vondrackova - Hainz hodinky na zak\u00e1zku\" class=\"wp-image-229\"\/><\/a><figcaption class=\"wp-element-caption\">Helena Vondrackova &#8211; Hainz hodinky na zak\u00e1zku<\/figcaption><\/figure>\n\n\n\n<figure class=\"wp-block-image size-thumbnail\"><a href=\"https:\/\/hainzhodinky.cz\/wp-content\/uploads\/2025\/11\/helena_vondrackova_legenda-hainz-hodinky-3.jpg\"><img loading=\"lazy\" decoding=\"async\" width=\"400\" height=\"400\" data-id=\"237\" src=\"https:\/\/hainzhodinky.cz\/wp-content\/uploads\/2025\/11\/helena_vondrackova_legenda-hainz-hodinky-3-400x400.jpg\" alt=\"Helena Vondrackova - Hainz hodinky na zak\u00e1zku\" class=\"wp-image-237\" srcset=\"https:\/\/hainzhodinky.cz\/wp-content\/uploads\/2025\/11\/helena_vondrackova_legenda-hainz-hodinky-3-400x400.jpg 400w, https:\/\/hainzhodinky.cz\/wp-content\/uploads\/2025\/11\/helena_vondrackova_legenda-hainz-hodinky-3-300x300.jpg 300w, https:\/\/hainzhodinky.cz\/wp-content\/uploads\/2025\/11\/helena_vondrackova_legenda-hainz-hodinky-3-768x768.jpg 768w, https:\/\/hainzhodinky.cz\/wp-content\/uploads\/2025\/11\/helena_vondrackova_legenda-hainz-hodinky-3.jpg 1000w\" sizes=\"auto, (max-width: 400px) 100vw, 400px\" \/><\/a><figcaption class=\"wp-element-caption\">Helena Vondrackova &#8211; Hainz hodinky na zak\u00e1zku<\/figcaption><\/figure>\n\n\n\n<figure class=\"wp-block-image size-thumbnail\"><a href=\"https:\/\/hainzhodinky.cz\/wp-content\/uploads\/2025\/11\/helena_vondrackova_legenda-hainz-hodinky-7.jpg\"><img loading=\"lazy\" decoding=\"async\" width=\"400\" height=\"400\" data-id=\"231\" src=\"https:\/\/hainzhodinky.cz\/wp-content\/uploads\/2025\/11\/helena_vondrackova_legenda-hainz-hodinky-7-400x400.jpg\" alt=\"Helena Vondrackova - Hainz hodinky na zak\u00e1zku\" class=\"wp-image-231\"\/><\/a><figcaption class=\"wp-element-caption\">Helena Vondrackova &#8211; Hainz hodinky na zak\u00e1zku<\/figcaption><\/figure>\n\n\n\n<figure class=\"wp-block-image size-thumbnail\"><a href=\"https:\/\/hainzhodinky.cz\/wp-content\/uploads\/2025\/11\/helena_vondrackova_legenda-hainz-hodinky-2.jpg\"><img loading=\"lazy\" decoding=\"async\" width=\"400\" height=\"400\" data-id=\"235\" src=\"https:\/\/hainzhodinky.cz\/wp-content\/uploads\/2025\/11\/helena_vondrackova_legenda-hainz-hodinky-2-400x400.jpg\" alt=\"Helena Vondrackova - Hainz hodinky na zak\u00e1zku\" class=\"wp-image-235\" srcset=\"https:\/\/hainzhodinky.cz\/wp-content\/uploads\/2025\/11\/helena_vondrackova_legenda-hainz-hodinky-2-400x400.jpg 400w, https:\/\/hainzhodinky.cz\/wp-content\/uploads\/2025\/11\/helena_vondrackova_legenda-hainz-hodinky-2-300x300.jpg 300w, https:\/\/hainzhodinky.cz\/wp-content\/uploads\/2025\/11\/helena_vondrackova_legenda-hainz-hodinky-2-768x768.jpg 768w, https:\/\/hainzhodinky.cz\/wp-content\/uploads\/2025\/11\/helena_vondrackova_legenda-hainz-hodinky-2.jpg 1000w\" sizes=\"auto, (max-width: 400px) 100vw, 400px\" \/><\/a><figcaption class=\"wp-element-caption\">Helena Vondrackova &#8211; Hainz hodinky na zak\u00e1zku<\/figcaption><\/figure>\n\n\n\n<figure class=\"wp-block-image size-thumbnail\"><a href=\"https:\/\/hainzhodinky.cz\/wp-content\/uploads\/2025\/11\/helena_vondrackova_legenda-hainz-hodinky-6.jpg\"><img loading=\"lazy\" decoding=\"async\" width=\"400\" height=\"400\" data-id=\"233\" src=\"https:\/\/hainzhodinky.cz\/wp-content\/uploads\/2025\/11\/helena_vondrackova_legenda-hainz-hodinky-6-400x400.jpg\" alt=\"Helena Vondrackova - Hainz hodinky na zak\u00e1zku\" class=\"wp-image-233\"\/><\/a><figcaption class=\"wp-element-caption\">Helena Vondrackova &#8211; Hainz hodinky na zak\u00e1zku<\/figcaption><\/figure>\n<\/figure>\n","protected":false},"excerpt":{"rendered":"<p>Helena Vondr\u00e1\u010dkov\u00e1 \u2013 Legenda 60 The edition created for Petr Janda is naturally followed by another chapter of the same&#8230;<\/p>\n","protected":false},"author":1,"featured_media":0,"parent":287,"menu_order":10,"comment_status":"closed","ping_status":"closed","template":"","meta":{"_acf_changed":false,"footnotes":""},"class_list":["post-283","page","type-page","status-publish","hentry"],"acf":[],"aioseo_notices":[],"_links":{"self":[{"href":"https:\/\/hainzhodinky.cz\/en\/wp-json\/wp\/v2\/pages\/283","targetHints":{"allow":["GET"]}}],"collection":[{"href":"https:\/\/hainzhodinky.cz\/en\/wp-json\/wp\/v2\/pages"}],"about":[{"href":"https:\/\/hainzhodinky.cz\/en\/wp-json\/wp\/v2\/types\/page"}],"author":[{"embeddable":true,"href":"https:\/\/hainzhodinky.cz\/en\/wp-json\/wp\/v2\/users\/1"}],"replies":[{"embeddable":true,"href":"https:\/\/hainzhodinky.cz\/en\/wp-json\/wp\/v2\/comments?post=283"}],"version-history":[{"count":7,"href":"https:\/\/hainzhodinky.cz\/en\/wp-json\/wp\/v2\/pages\/283\/revisions"}],"predecessor-version":[{"id":494,"href":"https:\/\/hainzhodinky.cz\/en\/wp-json\/wp\/v2\/pages\/283\/revisions\/494"}],"up":[{"embeddable":true,"href":"https:\/\/hainzhodinky.cz\/en\/wp-json\/wp\/v2\/pages\/287"}],"wp:attachment":[{"href":"https:\/\/hainzhodinky.cz\/en\/wp-json\/wp\/v2\/media?parent=283"}],"curies":[{"name":"wp","href":"https:\/\/api.w.org\/{rel}","templated":true}]}}